{"id":16516,"date":"2026-02-02T19:36:47","date_gmt":"2026-02-02T18:36:47","guid":{"rendered":"https:\/\/www.maisonkalubi.com\/?product=lit-billy-90x190-metal"},"modified":"2026-02-02T19:36:47","modified_gmt":"2026-02-02T18:36:47","slug":"lit-billy-90x190-metal","status":"publish","type":"product","link":"https:\/\/maisonkalubi.com\/?product=lit-billy-90x190-metal","title":{"rendered":"Lit Billy 90&#215;190 Metal"},"content":{"rendered":"<p>Le lit m\u00e9tallique Billy 90&#215;190 est un lit une place de haute qualit\u00e9, fabriqu\u00e9 dans notre propre usine. Son cadre m\u00e9tallique solide offre un soutien optimal et r\u00e9siste \u00e0 un usage quotidien. Parfait pour enfants, \u00e9tudiants et chambres individuelles. Dimensions 90&#215;190 cm. Garantie 2 ans et livraison gratuite.<\/p>\n","protected":false},"excerpt":{"rendered":"<p>Le lit m\u00e9tallique Billy 90&#215;190 est un lit une place de haute qualit\u00e9, fabriqu\u00e9 dans notre propre usine. Son cadre<\/p>\n","protected":false},"featured_media":16494,"template":"","meta":[],"product_brand":[],"product_cat":[30],"product_tag":[],"class_list":{"0":"post-16516","1":"product","2":"type-product","3":"status-publish","4":"has-post-thumbnail","6":"product_cat-lit-metallique-kinshasa","8":"first","9":"instock","10":"sale","11":"shipping-taxable","12":"purchasable","13":"product-type-simple"},"yoast_head":"<!-- This site is optimized with the Yoast SEO plugin v26.9 - https:\/\/yoast.com\/product\/yoast-seo-wordpress\/ -->\n<title>Lit Billy 90x190 Metal - Maison kalubi<\/title>\n<meta name=\"robots\" content=\"index, follow, max-snippet:-1, max-image-preview:large, max-video-preview:-1\" \/>\n<link rel=\"canonical\" href=\"https:\/\/maisonkalubi.com\/?product=lit-billy-90x190-metal\" \/>\n<meta property=\"og:locale\" content=\"fr_FR\" \/>\n<meta property=\"og:type\" content=\"article\" \/>\n<meta property=\"og:title\" content=\"Lit Billy 90x190 Metal - Maison kalubi\" \/>\n<meta property=\"og:description\" content=\"Le lit m\u00e9tallique Billy 90&#215;190 est un lit une place de haute qualit\u00e9, fabriqu\u00e9 dans notre propre usine. Son cadre\" \/>\n<meta property=\"og:url\" content=\"https:\/\/maisonkalubi.com\/?product=lit-billy-90x190-metal\" \/>\n<meta property=\"og:site_name\" content=\"Maison kalubi\" \/>\n<meta property=\"og:image\" content=\"https:\/\/maisonkalubi.com\/wp-content\/uploads\/2026\/02\/kalubi-Matelas-lit-billy-90.jpg\" \/>\n\t<meta property=\"og:image:width\" content=\"900\" \/>\n\t<meta property=\"og:image:height\" content=\"900\" \/>\n\t<meta property=\"og:image:type\" content=\"image\/jpeg\" \/>\n<meta name=\"twitter:card\" content=\"summary_large_image\" \/>\n<script type=\"application\/ld+json\" class=\"yoast-schema-graph\">{\"@context\":\"https:\/\/schema.org\",\"@graph\":[{\"@type\":\"WebPage\",\"@id\":\"https:\/\/maisonkalubi.com\/?product=lit-billy-90x190-metal\",\"url\":\"https:\/\/maisonkalubi.com\/?product=lit-billy-90x190-metal\",\"name\":\"Lit Billy 90x190 Metal - Maison kalubi\",\"isPartOf\":{\"@id\":\"https:\/\/maisonkalubi.com\/#website\"},\"primaryImageOfPage\":{\"@id\":\"https:\/\/maisonkalubi.com\/?product=lit-billy-90x190-metal#primaryimage\"},\"image\":{\"@id\":\"https:\/\/maisonkalubi.com\/?product=lit-billy-90x190-metal#primaryimage\"},\"thumbnailUrl\":\"https:\/\/maisonkalubi.com\/wp-content\/uploads\/2026\/02\/kalubi-Matelas-lit-billy-90.jpg\",\"datePublished\":\"2026-02-02T18:36:47+00:00\",\"breadcrumb\":{\"@id\":\"https:\/\/maisonkalubi.com\/?product=lit-billy-90x190-metal#breadcrumb\"},\"inLanguage\":\"fr-FR\",\"potentialAction\":[{\"@type\":\"ReadAction\",\"target\":[\"https:\/\/maisonkalubi.com\/?product=lit-billy-90x190-metal\"]}]},{\"@type\":\"ImageObject\",\"inLanguage\":\"fr-FR\",\"@id\":\"https:\/\/maisonkalubi.com\/?product=lit-billy-90x190-metal#primaryimage\",\"url\":\"https:\/\/maisonkalubi.com\/wp-content\/uploads\/2026\/02\/kalubi-Matelas-lit-billy-90.jpg\",\"contentUrl\":\"https:\/\/maisonkalubi.com\/wp-content\/uploads\/2026\/02\/kalubi-Matelas-lit-billy-90.jpg\",\"width\":900,\"height\":900},{\"@type\":\"BreadcrumbList\",\"@id\":\"https:\/\/maisonkalubi.com\/?product=lit-billy-90x190-metal#breadcrumb\",\"itemListElement\":[{\"@type\":\"ListItem\",\"position\":1,\"name\":\"Home\",\"item\":\"https:\/\/maisonkalubi.com\/\"},{\"@type\":\"ListItem\",\"position\":2,\"name\":\"Shop\",\"item\":\"https:\/\/maisonkalubi.com\/?page_id=47\"},{\"@type\":\"ListItem\",\"position\":3,\"name\":\"Lit Billy 90&#215;190 Metal\"}]},{\"@type\":\"WebSite\",\"@id\":\"https:\/\/maisonkalubi.com\/#website\",\"url\":\"https:\/\/maisonkalubi.com\/\",\"name\":\"Maison kalubi\",\"description\":\"Kalubi Matelas\",\"publisher\":{\"@id\":\"https:\/\/maisonkalubi.com\/#organization\"},\"potentialAction\":[{\"@type\":\"SearchAction\",\"target\":{\"@type\":\"EntryPoint\",\"urlTemplate\":\"https:\/\/maisonkalubi.com\/?s={search_term_string}\"},\"query-input\":{\"@type\":\"PropertyValueSpecification\",\"valueRequired\":true,\"valueName\":\"search_term_string\"}}],\"inLanguage\":\"fr-FR\"},{\"@type\":\"Organization\",\"@id\":\"https:\/\/maisonkalubi.com\/#organization\",\"name\":\"Kalubi Matelas\",\"url\":\"https:\/\/maisonkalubi.com\/\",\"logo\":{\"@type\":\"ImageObject\",\"inLanguage\":\"fr-FR\",\"@id\":\"https:\/\/maisonkalubi.com\/#\/schema\/logo\/image\/\",\"url\":\"https:\/\/maisonkalubi.com\/wp-content\/uploads\/2025\/03\/logo-kalubi-matelas-small.png\",\"contentUrl\":\"https:\/\/maisonkalubi.com\/wp-content\/uploads\/2025\/03\/logo-kalubi-matelas-small.png\",\"width\":960,\"height\":375,\"caption\":\"Kalubi Matelas\"},\"image\":{\"@id\":\"https:\/\/maisonkalubi.com\/#\/schema\/logo\/image\/\"}}]}<\/script>\n<!-- \/ Yoast SEO plugin. -->","yoast_head_json":{"title":"Lit Billy 90x190 Metal - Maison kalubi","robots":{"index":"index","follow":"follow","max-snippet":"max-snippet:-1","max-image-preview":"max-image-preview:large","max-video-preview":"max-video-preview:-1"},"canonical":"https:\/\/maisonkalubi.com\/?product=lit-billy-90x190-metal","og_locale":"fr_FR","og_type":"article","og_title":"Lit Billy 90x190 Metal - Maison kalubi","og_description":"Le lit m\u00e9tallique Billy 90&#215;190 est un lit une place de haute qualit\u00e9, fabriqu\u00e9 dans notre propre usine. Son cadre","og_url":"https:\/\/maisonkalubi.com\/?product=lit-billy-90x190-metal","og_site_name":"Maison kalubi","og_image":[{"width":900,"height":900,"url":"https:\/\/maisonkalubi.com\/wp-content\/uploads\/2026\/02\/kalubi-Matelas-lit-billy-90.jpg","type":"image\/jpeg"}],"twitter_card":"summary_large_image","schema":{"@context":"https:\/\/schema.org","@graph":[{"@type":"WebPage","@id":"https:\/\/maisonkalubi.com\/?product=lit-billy-90x190-metal","url":"https:\/\/maisonkalubi.com\/?product=lit-billy-90x190-metal","name":"Lit Billy 90x190 Metal - Maison kalubi","isPartOf":{"@id":"https:\/\/maisonkalubi.com\/#website"},"primaryImageOfPage":{"@id":"https:\/\/maisonkalubi.com\/?product=lit-billy-90x190-metal#primaryimage"},"image":{"@id":"https:\/\/maisonkalubi.com\/?product=lit-billy-90x190-metal#primaryimage"},"thumbnailUrl":"https:\/\/maisonkalubi.com\/wp-content\/uploads\/2026\/02\/kalubi-Matelas-lit-billy-90.jpg","datePublished":"2026-02-02T18:36:47+00:00","breadcrumb":{"@id":"https:\/\/maisonkalubi.com\/?product=lit-billy-90x190-metal#breadcrumb"},"inLanguage":"fr-FR","potentialAction":[{"@type":"ReadAction","target":["https:\/\/maisonkalubi.com\/?product=lit-billy-90x190-metal"]}]},{"@type":"ImageObject","inLanguage":"fr-FR","@id":"https:\/\/maisonkalubi.com\/?product=lit-billy-90x190-metal#primaryimage","url":"https:\/\/maisonkalubi.com\/wp-content\/uploads\/2026\/02\/kalubi-Matelas-lit-billy-90.jpg","contentUrl":"https:\/\/maisonkalubi.com\/wp-content\/uploads\/2026\/02\/kalubi-Matelas-lit-billy-90.jpg","width":900,"height":900},{"@type":"BreadcrumbList","@id":"https:\/\/maisonkalubi.com\/?product=lit-billy-90x190-metal#breadcrumb","itemListElement":[{"@type":"ListItem","position":1,"name":"Home","item":"https:\/\/maisonkalubi.com\/"},{"@type":"ListItem","position":2,"name":"Shop","item":"https:\/\/maisonkalubi.com\/?page_id=47"},{"@type":"ListItem","position":3,"name":"Lit Billy 90&#215;190 Metal"}]},{"@type":"WebSite","@id":"https:\/\/maisonkalubi.com\/#website","url":"https:\/\/maisonkalubi.com\/","name":"Maison kalubi","description":"Kalubi Matelas","publisher":{"@id":"https:\/\/maisonkalubi.com\/#organization"},"potentialAction":[{"@type":"SearchAction","target":{"@type":"EntryPoint","urlTemplate":"https:\/\/maisonkalubi.com\/?s={search_term_string}"},"query-input":{"@type":"PropertyValueSpecification","valueRequired":true,"valueName":"search_term_string"}}],"inLanguage":"fr-FR"},{"@type":"Organization","@id":"https:\/\/maisonkalubi.com\/#organization","name":"Kalubi Matelas","url":"https:\/\/maisonkalubi.com\/","logo":{"@type":"ImageObject","inLanguage":"fr-FR","@id":"https:\/\/maisonkalubi.com\/#\/schema\/logo\/image\/","url":"https:\/\/maisonkalubi.com\/wp-content\/uploads\/2025\/03\/logo-kalubi-matelas-small.png","contentUrl":"https:\/\/maisonkalubi.com\/wp-content\/uploads\/2025\/03\/logo-kalubi-matelas-small.png","width":960,"height":375,"caption":"Kalubi Matelas"},"image":{"@id":"https:\/\/maisonkalubi.com\/#\/schema\/logo\/image\/"}}]}},"jetpack_sharing_enabled":true,"_links":{"self":[{"href":"https:\/\/maisonkalubi.com\/index.php?rest_route=\/wp\/v2\/product\/16516","targetHints":{"allow":["GET"]}}],"collection":[{"href":"https:\/\/maisonkalubi.com\/index.php?rest_route=\/wp\/v2\/product"}],"about":[{"href":"https:\/\/maisonkalubi.com\/index.php?rest_route=\/wp\/v2\/types\/product"}],"version-history":[{"count":0,"href":"https:\/\/maisonkalubi.com\/index.php?rest_route=\/wp\/v2\/product\/16516\/revisions"}],"wp:featuredmedia":[{"embeddable":true,"href":"https:\/\/maisonkalubi.com\/index.php?rest_route=\/wp\/v2\/media\/16494"}],"wp:attachment":[{"href":"https:\/\/maisonkalubi.com\/index.php?rest_route=%2Fwp%2Fv2%2Fmedia&parent=16516"}],"wp:term":[{"taxonomy":"product_brand","embeddable":true,"href":"https:\/\/maisonkalubi.com\/index.php?rest_route=%2Fwp%2Fv2%2Fproduct_brand&post=16516"},{"taxonomy":"product_cat","embeddable":true,"href":"https:\/\/maisonkalubi.com\/index.php?rest_route=%2Fwp%2Fv2%2Fproduct_cat&post=16516"},{"taxonomy":"product_tag","embeddable":true,"href":"https:\/\/maisonkalubi.com\/index.php?rest_route=%2Fwp%2Fv2%2Fproduct_tag&post=16516"}],"curies":[{"name":"wp","href":"https:\/\/api.w.org\/{rel}","templated":true}]}}