{"id":16259,"date":"2026-01-17T03:26:36","date_gmt":"2026-01-17T03:26:36","guid":{"rendered":"https:\/\/www.maisonkalubi.com\/?product=90x190-15-cm-matelas-ordinaire"},"modified":"2026-01-30T22:02:04","modified_gmt":"2026-01-30T21:02:04","slug":"90x190-15-cm-matelas-ordinaire","status":"publish","type":"product","link":"https:\/\/maisonkalubi.com\/?product=90x190-15-cm-matelas-ordinaire","title":{"rendered":"90&#215;190 &#8211; 15 CM Matelas Ordinaire"},"content":{"rendered":"<p>Le Kalubi Matelas Ordinaire 90&#215;190, de qualit\u00e9 europ\u00e9enne, avec une \u00e9paisseur de 15 cm, est un matelas compact sans oreillers gratuits, avec livraison gratuite \u00e0 Kinshasa, Matadi et Lubumbashi.<\/p>\n","protected":false},"excerpt":{"rendered":"<p>Le Kalubi Matelas Ordinaire 90&#215;190, de qualit\u00e9 europ\u00e9enne, avec une \u00e9paisseur de 15 cm, est un matelas compact sans oreillers<\/p>\n","protected":false},"featured_media":16347,"template":"","meta":[],"product_brand":[51],"product_cat":[20,79],"product_tag":[],"class_list":{"0":"post-16259","1":"product","2":"type-product","3":"status-publish","4":"has-post-thumbnail","6":"product_brand-kalubi-matelas","7":"product_cat-matelas-kalubi","8":"product_cat-ordinaire-matelas","10":"first","11":"instock","12":"sale","13":"shipping-taxable","14":"purchasable","15":"product-type-simple"},"yoast_head":"<!-- This site is optimized with the Yoast SEO plugin v26.9 - https:\/\/yoast.com\/product\/yoast-seo-wordpress\/ -->\n<title>90x190 - 15 CM Matelas Ordinaire - Maison kalubi<\/title>\n<meta name=\"robots\" content=\"index, follow, max-snippet:-1, max-image-preview:large, max-video-preview:-1\" \/>\n<link rel=\"canonical\" href=\"https:\/\/maisonkalubi.com\/?product=90x190-15-cm-matelas-ordinaire\" \/>\n<meta property=\"og:locale\" content=\"fr_FR\" \/>\n<meta property=\"og:type\" content=\"article\" \/>\n<meta property=\"og:title\" content=\"90x190 - 15 CM Matelas Ordinaire - Maison kalubi\" \/>\n<meta property=\"og:description\" content=\"Le Kalubi Matelas Ordinaire 90&#215;190, de qualit\u00e9 europ\u00e9enne, avec une \u00e9paisseur de 15 cm, est un matelas compact sans oreillers\" \/>\n<meta property=\"og:url\" content=\"https:\/\/maisonkalubi.com\/?product=90x190-15-cm-matelas-ordinaire\" \/>\n<meta property=\"og:site_name\" content=\"Maison kalubi\" \/>\n<meta property=\"article:modified_time\" content=\"2026-01-30T21:02:04+00:00\" \/>\n<meta property=\"og:image\" content=\"https:\/\/maisonkalubi.com\/wp-content\/uploads\/2026\/01\/matelas-ordinaire-kalubi-matelas-90-190-1.jpg\" \/>\n\t<meta property=\"og:image:width\" content=\"900\" \/>\n\t<meta property=\"og:image:height\" content=\"900\" \/>\n\t<meta property=\"og:image:type\" content=\"image\/jpeg\" \/>\n<meta name=\"twitter:card\" content=\"summary_large_image\" \/>\n<script type=\"application\/ld+json\" class=\"yoast-schema-graph\">{\"@context\":\"https:\/\/schema.org\",\"@graph\":[{\"@type\":\"WebPage\",\"@id\":\"https:\/\/maisonkalubi.com\/?product=90x190-15-cm-matelas-ordinaire\",\"url\":\"https:\/\/maisonkalubi.com\/?product=90x190-15-cm-matelas-ordinaire\",\"name\":\"90x190 - 15 CM Matelas Ordinaire - Maison kalubi\",\"isPartOf\":{\"@id\":\"https:\/\/maisonkalubi.com\/#website\"},\"primaryImageOfPage\":{\"@id\":\"https:\/\/maisonkalubi.com\/?product=90x190-15-cm-matelas-ordinaire#primaryimage\"},\"image\":{\"@id\":\"https:\/\/maisonkalubi.com\/?product=90x190-15-cm-matelas-ordinaire#primaryimage\"},\"thumbnailUrl\":\"https:\/\/maisonkalubi.com\/wp-content\/uploads\/2026\/01\/matelas-ordinaire-kalubi-matelas-90-190-1.jpg\",\"datePublished\":\"2026-01-17T03:26:36+00:00\",\"dateModified\":\"2026-01-30T21:02:04+00:00\",\"breadcrumb\":{\"@id\":\"https:\/\/maisonkalubi.com\/?product=90x190-15-cm-matelas-ordinaire#breadcrumb\"},\"inLanguage\":\"fr-FR\",\"potentialAction\":[{\"@type\":\"ReadAction\",\"target\":[\"https:\/\/maisonkalubi.com\/?product=90x190-15-cm-matelas-ordinaire\"]}]},{\"@type\":\"ImageObject\",\"inLanguage\":\"fr-FR\",\"@id\":\"https:\/\/maisonkalubi.com\/?product=90x190-15-cm-matelas-ordinaire#primaryimage\",\"url\":\"https:\/\/maisonkalubi.com\/wp-content\/uploads\/2026\/01\/matelas-ordinaire-kalubi-matelas-90-190-1.jpg\",\"contentUrl\":\"https:\/\/maisonkalubi.com\/wp-content\/uploads\/2026\/01\/matelas-ordinaire-kalubi-matelas-90-190-1.jpg\",\"width\":900,\"height\":900},{\"@type\":\"BreadcrumbList\",\"@id\":\"https:\/\/maisonkalubi.com\/?product=90x190-15-cm-matelas-ordinaire#breadcrumb\",\"itemListElement\":[{\"@type\":\"ListItem\",\"position\":1,\"name\":\"Home\",\"item\":\"https:\/\/maisonkalubi.com\/\"},{\"@type\":\"ListItem\",\"position\":2,\"name\":\"Shop\",\"item\":\"https:\/\/maisonkalubi.com\/?page_id=47\"},{\"@type\":\"ListItem\",\"position\":3,\"name\":\"90&#215;190 &#8211; 15 CM Matelas Ordinaire\"}]},{\"@type\":\"WebSite\",\"@id\":\"https:\/\/maisonkalubi.com\/#website\",\"url\":\"https:\/\/maisonkalubi.com\/\",\"name\":\"Maison kalubi\",\"description\":\"Kalubi Matelas\",\"publisher\":{\"@id\":\"https:\/\/maisonkalubi.com\/#organization\"},\"potentialAction\":[{\"@type\":\"SearchAction\",\"target\":{\"@type\":\"EntryPoint\",\"urlTemplate\":\"https:\/\/maisonkalubi.com\/?s={search_term_string}\"},\"query-input\":{\"@type\":\"PropertyValueSpecification\",\"valueRequired\":true,\"valueName\":\"search_term_string\"}}],\"inLanguage\":\"fr-FR\"},{\"@type\":\"Organization\",\"@id\":\"https:\/\/maisonkalubi.com\/#organization\",\"name\":\"Kalubi Matelas\",\"url\":\"https:\/\/maisonkalubi.com\/\",\"logo\":{\"@type\":\"ImageObject\",\"inLanguage\":\"fr-FR\",\"@id\":\"https:\/\/maisonkalubi.com\/#\/schema\/logo\/image\/\",\"url\":\"https:\/\/maisonkalubi.com\/wp-content\/uploads\/2025\/03\/logo-kalubi-matelas-small.png\",\"contentUrl\":\"https:\/\/maisonkalubi.com\/wp-content\/uploads\/2025\/03\/logo-kalubi-matelas-small.png\",\"width\":960,\"height\":375,\"caption\":\"Kalubi Matelas\"},\"image\":{\"@id\":\"https:\/\/maisonkalubi.com\/#\/schema\/logo\/image\/\"}}]}<\/script>\n<!-- \/ Yoast SEO plugin. -->","yoast_head_json":{"title":"90x190 - 15 CM Matelas Ordinaire - Maison kalubi","robots":{"index":"index","follow":"follow","max-snippet":"max-snippet:-1","max-image-preview":"max-image-preview:large","max-video-preview":"max-video-preview:-1"},"canonical":"https:\/\/maisonkalubi.com\/?product=90x190-15-cm-matelas-ordinaire","og_locale":"fr_FR","og_type":"article","og_title":"90x190 - 15 CM Matelas Ordinaire - Maison kalubi","og_description":"Le Kalubi Matelas Ordinaire 90&#215;190, de qualit\u00e9 europ\u00e9enne, avec une \u00e9paisseur de 15 cm, est un matelas compact sans oreillers","og_url":"https:\/\/maisonkalubi.com\/?product=90x190-15-cm-matelas-ordinaire","og_site_name":"Maison kalubi","article_modified_time":"2026-01-30T21:02:04+00:00","og_image":[{"width":900,"height":900,"url":"https:\/\/maisonkalubi.com\/wp-content\/uploads\/2026\/01\/matelas-ordinaire-kalubi-matelas-90-190-1.jpg","type":"image\/jpeg"}],"twitter_card":"summary_large_image","schema":{"@context":"https:\/\/schema.org","@graph":[{"@type":"WebPage","@id":"https:\/\/maisonkalubi.com\/?product=90x190-15-cm-matelas-ordinaire","url":"https:\/\/maisonkalubi.com\/?product=90x190-15-cm-matelas-ordinaire","name":"90x190 - 15 CM Matelas Ordinaire - Maison kalubi","isPartOf":{"@id":"https:\/\/maisonkalubi.com\/#website"},"primaryImageOfPage":{"@id":"https:\/\/maisonkalubi.com\/?product=90x190-15-cm-matelas-ordinaire#primaryimage"},"image":{"@id":"https:\/\/maisonkalubi.com\/?product=90x190-15-cm-matelas-ordinaire#primaryimage"},"thumbnailUrl":"https:\/\/maisonkalubi.com\/wp-content\/uploads\/2026\/01\/matelas-ordinaire-kalubi-matelas-90-190-1.jpg","datePublished":"2026-01-17T03:26:36+00:00","dateModified":"2026-01-30T21:02:04+00:00","breadcrumb":{"@id":"https:\/\/maisonkalubi.com\/?product=90x190-15-cm-matelas-ordinaire#breadcrumb"},"inLanguage":"fr-FR","potentialAction":[{"@type":"ReadAction","target":["https:\/\/maisonkalubi.com\/?product=90x190-15-cm-matelas-ordinaire"]}]},{"@type":"ImageObject","inLanguage":"fr-FR","@id":"https:\/\/maisonkalubi.com\/?product=90x190-15-cm-matelas-ordinaire#primaryimage","url":"https:\/\/maisonkalubi.com\/wp-content\/uploads\/2026\/01\/matelas-ordinaire-kalubi-matelas-90-190-1.jpg","contentUrl":"https:\/\/maisonkalubi.com\/wp-content\/uploads\/2026\/01\/matelas-ordinaire-kalubi-matelas-90-190-1.jpg","width":900,"height":900},{"@type":"BreadcrumbList","@id":"https:\/\/maisonkalubi.com\/?product=90x190-15-cm-matelas-ordinaire#breadcrumb","itemListElement":[{"@type":"ListItem","position":1,"name":"Home","item":"https:\/\/maisonkalubi.com\/"},{"@type":"ListItem","position":2,"name":"Shop","item":"https:\/\/maisonkalubi.com\/?page_id=47"},{"@type":"ListItem","position":3,"name":"90&#215;190 &#8211; 15 CM Matelas Ordinaire"}]},{"@type":"WebSite","@id":"https:\/\/maisonkalubi.com\/#website","url":"https:\/\/maisonkalubi.com\/","name":"Maison kalubi","description":"Kalubi Matelas","publisher":{"@id":"https:\/\/maisonkalubi.com\/#organization"},"potentialAction":[{"@type":"SearchAction","target":{"@type":"EntryPoint","urlTemplate":"https:\/\/maisonkalubi.com\/?s={search_term_string}"},"query-input":{"@type":"PropertyValueSpecification","valueRequired":true,"valueName":"search_term_string"}}],"inLanguage":"fr-FR"},{"@type":"Organization","@id":"https:\/\/maisonkalubi.com\/#organization","name":"Kalubi Matelas","url":"https:\/\/maisonkalubi.com\/","logo":{"@type":"ImageObject","inLanguage":"fr-FR","@id":"https:\/\/maisonkalubi.com\/#\/schema\/logo\/image\/","url":"https:\/\/maisonkalubi.com\/wp-content\/uploads\/2025\/03\/logo-kalubi-matelas-small.png","contentUrl":"https:\/\/maisonkalubi.com\/wp-content\/uploads\/2025\/03\/logo-kalubi-matelas-small.png","width":960,"height":375,"caption":"Kalubi Matelas"},"image":{"@id":"https:\/\/maisonkalubi.com\/#\/schema\/logo\/image\/"}}]}},"jetpack_sharing_enabled":true,"_links":{"self":[{"href":"https:\/\/maisonkalubi.com\/index.php?rest_route=\/wp\/v2\/product\/16259","targetHints":{"allow":["GET"]}}],"collection":[{"href":"https:\/\/maisonkalubi.com\/index.php?rest_route=\/wp\/v2\/product"}],"about":[{"href":"https:\/\/maisonkalubi.com\/index.php?rest_route=\/wp\/v2\/types\/product"}],"version-history":[{"count":1,"href":"https:\/\/maisonkalubi.com\/index.php?rest_route=\/wp\/v2\/product\/16259\/revisions"}],"predecessor-version":[{"id":16270,"href":"https:\/\/maisonkalubi.com\/index.php?rest_route=\/wp\/v2\/product\/16259\/revisions\/16270"}],"wp:featuredmedia":[{"embeddable":true,"href":"https:\/\/maisonkalubi.com\/index.php?rest_route=\/wp\/v2\/media\/16347"}],"wp:attachment":[{"href":"https:\/\/maisonkalubi.com\/index.php?rest_route=%2Fwp%2Fv2%2Fmedia&parent=16259"}],"wp:term":[{"taxonomy":"product_brand","embeddable":true,"href":"https:\/\/maisonkalubi.com\/index.php?rest_route=%2Fwp%2Fv2%2Fproduct_brand&post=16259"},{"taxonomy":"product_cat","embeddable":true,"href":"https:\/\/maisonkalubi.com\/index.php?rest_route=%2Fwp%2Fv2%2Fproduct_cat&post=16259"},{"taxonomy":"product_tag","embeddable":true,"href":"https:\/\/maisonkalubi.com\/index.php?rest_route=%2Fwp%2Fv2%2Fproduct_tag&post=16259"}],"curies":[{"name":"wp","href":"https:\/\/api.w.org\/{rel}","templated":true}]}}