{"id":16253,"date":"2026-01-17T03:26:35","date_gmt":"2026-01-17T03:26:35","guid":{"rendered":"https:\/\/www.maisonkalubi.com\/?product=140x190-orthopedique-22cm"},"modified":"2026-01-30T22:02:26","modified_gmt":"2026-01-30T21:02:26","slug":"140x190-orthopedique-22cm","status":"publish","type":"product","link":"https:\/\/maisonkalubi.com\/?product=140x190-orthopedique-22cm","title":{"rendered":"140&#215;190 Orthop\u00e9dique 22cm"},"content":{"rendered":"<p>Le Kalubi Matelas Orthop\u00e9dique 140\u00d7190, de qualit\u00e9 europ\u00e9enne, avec une \u00e9paisseur de 22 cm, est con\u00e7u pour offrir un soutien ferme et \u00e9quilibr\u00e9 du corps. Sa structure orthop\u00e9dique aide \u00e0 maintenir une bonne posture pendant le sommeil et \u00e0 r\u00e9duire les douleurs dorsales, l\u2019inconfort et la fatigue li\u00e9s \u00e0 un mauvais matelas.<\/p>\n<p>Ce matelas est id\u00e9al pour un usage quotidien et convient parfaitement \u00e0 3 personnes. Il est recommand\u00e9 pour les familles, les logements partag\u00e9s et toute personne recherchant un matelas orthop\u00e9dique, durable et confortable, favorisant un sommeil r\u00e9parateur et un meilleur bien-\u00eatre.<\/p>\n<p>Livr\u00e9 avec 2 oreillers gratuits et livraison gratuite \u00e0 Kinshasa, Matadi et Lubumbashi. Disponible en magasin et en lign<\/p>\n","protected":false},"excerpt":{"rendered":"<p>Le Kalubi Matelas Orthop\u00e9dique 140\u00d7190, de qualit\u00e9 europ\u00e9enne, avec une \u00e9paisseur de 22 cm, est con\u00e7u pour offrir un soutien<\/p>\n","protected":false},"featured_media":16340,"template":"","meta":[],"product_brand":[51],"product_cat":[20,78],"product_tag":[],"class_list":{"0":"post-16253","1":"product","2":"type-product","3":"status-publish","4":"has-post-thumbnail","6":"product_brand-kalubi-matelas","7":"product_cat-matelas-kalubi","8":"product_cat-orthopedique-matelas","10":"first","11":"instock","12":"sale","13":"shipping-taxable","14":"purchasable","15":"product-type-simple"},"yoast_head":"<!-- This site is optimized with the Yoast SEO plugin v26.9 - https:\/\/yoast.com\/product\/yoast-seo-wordpress\/ -->\n<title>140x190 Orthop\u00e9dique 22cm - Maison kalubi<\/title>\n<meta name=\"description\" content=\"%\" \/>\n<meta name=\"robots\" content=\"index, follow, max-snippet:-1, max-image-preview:large, max-video-preview:-1\" \/>\n<link rel=\"canonical\" href=\"https:\/\/maisonkalubi.com\/?product=140x190-orthopedique-22cm\" \/>\n<meta property=\"og:locale\" content=\"fr_FR\" \/>\n<meta property=\"og:type\" content=\"article\" \/>\n<meta property=\"og:title\" content=\"140x190 Orthop\u00e9dique 22cm - Maison kalubi\" \/>\n<meta property=\"og:description\" content=\"%\" \/>\n<meta property=\"og:url\" content=\"https:\/\/maisonkalubi.com\/?product=140x190-orthopedique-22cm\" \/>\n<meta property=\"og:site_name\" content=\"Maison kalubi\" \/>\n<meta property=\"article:modified_time\" content=\"2026-01-30T21:02:26+00:00\" \/>\n<meta property=\"og:image\" content=\"https:\/\/maisonkalubi.com\/wp-content\/uploads\/2026\/01\/matelas-orthopedique-kalubi-matelas-140-190-1.jpg\" \/>\n\t<meta property=\"og:image:width\" content=\"900\" \/>\n\t<meta property=\"og:image:height\" content=\"900\" \/>\n\t<meta property=\"og:image:type\" content=\"image\/jpeg\" \/>\n<meta name=\"twitter:card\" content=\"summary_large_image\" \/>\n<meta name=\"twitter:label1\" content=\"Dur\u00e9e de lecture estim\u00e9e\" \/>\n\t<meta name=\"twitter:data1\" content=\"1 minute\" \/>\n<script type=\"application\/ld+json\" class=\"yoast-schema-graph\">{\"@context\":\"https:\/\/schema.org\",\"@graph\":[{\"@type\":\"WebPage\",\"@id\":\"https:\/\/maisonkalubi.com\/?product=140x190-orthopedique-22cm\",\"url\":\"https:\/\/maisonkalubi.com\/?product=140x190-orthopedique-22cm\",\"name\":\"140x190 Orthop\u00e9dique 22cm - Maison kalubi\",\"isPartOf\":{\"@id\":\"https:\/\/maisonkalubi.com\/#website\"},\"primaryImageOfPage\":{\"@id\":\"https:\/\/maisonkalubi.com\/?product=140x190-orthopedique-22cm#primaryimage\"},\"image\":{\"@id\":\"https:\/\/maisonkalubi.com\/?product=140x190-orthopedique-22cm#primaryimage\"},\"thumbnailUrl\":\"https:\/\/maisonkalubi.com\/wp-content\/uploads\/2026\/01\/matelas-orthopedique-kalubi-matelas-140-190-1.jpg\",\"datePublished\":\"2026-01-17T03:26:35+00:00\",\"dateModified\":\"2026-01-30T21:02:26+00:00\",\"description\":\"%\",\"breadcrumb\":{\"@id\":\"https:\/\/maisonkalubi.com\/?product=140x190-orthopedique-22cm#breadcrumb\"},\"inLanguage\":\"fr-FR\",\"potentialAction\":[{\"@type\":\"ReadAction\",\"target\":[\"https:\/\/maisonkalubi.com\/?product=140x190-orthopedique-22cm\"]}]},{\"@type\":\"ImageObject\",\"inLanguage\":\"fr-FR\",\"@id\":\"https:\/\/maisonkalubi.com\/?product=140x190-orthopedique-22cm#primaryimage\",\"url\":\"https:\/\/maisonkalubi.com\/wp-content\/uploads\/2026\/01\/matelas-orthopedique-kalubi-matelas-140-190-1.jpg\",\"contentUrl\":\"https:\/\/maisonkalubi.com\/wp-content\/uploads\/2026\/01\/matelas-orthopedique-kalubi-matelas-140-190-1.jpg\",\"width\":900,\"height\":900},{\"@type\":\"BreadcrumbList\",\"@id\":\"https:\/\/maisonkalubi.com\/?product=140x190-orthopedique-22cm#breadcrumb\",\"itemListElement\":[{\"@type\":\"ListItem\",\"position\":1,\"name\":\"Home\",\"item\":\"https:\/\/maisonkalubi.com\/\"},{\"@type\":\"ListItem\",\"position\":2,\"name\":\"Shop\",\"item\":\"https:\/\/maisonkalubi.com\/?page_id=47\"},{\"@type\":\"ListItem\",\"position\":3,\"name\":\"140&#215;190 Orthop\u00e9dique 22cm\"}]},{\"@type\":\"WebSite\",\"@id\":\"https:\/\/maisonkalubi.com\/#website\",\"url\":\"https:\/\/maisonkalubi.com\/\",\"name\":\"Maison kalubi\",\"description\":\"Kalubi Matelas\",\"publisher\":{\"@id\":\"https:\/\/maisonkalubi.com\/#organization\"},\"potentialAction\":[{\"@type\":\"SearchAction\",\"target\":{\"@type\":\"EntryPoint\",\"urlTemplate\":\"https:\/\/maisonkalubi.com\/?s={search_term_string}\"},\"query-input\":{\"@type\":\"PropertyValueSpecification\",\"valueRequired\":true,\"valueName\":\"search_term_string\"}}],\"inLanguage\":\"fr-FR\"},{\"@type\":\"Organization\",\"@id\":\"https:\/\/maisonkalubi.com\/#organization\",\"name\":\"Kalubi Matelas\",\"url\":\"https:\/\/maisonkalubi.com\/\",\"logo\":{\"@type\":\"ImageObject\",\"inLanguage\":\"fr-FR\",\"@id\":\"https:\/\/maisonkalubi.com\/#\/schema\/logo\/image\/\",\"url\":\"https:\/\/maisonkalubi.com\/wp-content\/uploads\/2025\/03\/logo-kalubi-matelas-small.png\",\"contentUrl\":\"https:\/\/maisonkalubi.com\/wp-content\/uploads\/2025\/03\/logo-kalubi-matelas-small.png\",\"width\":960,\"height\":375,\"caption\":\"Kalubi Matelas\"},\"image\":{\"@id\":\"https:\/\/maisonkalubi.com\/#\/schema\/logo\/image\/\"}}]}<\/script>\n<!-- \/ Yoast SEO plugin. -->","yoast_head_json":{"title":"140x190 Orthop\u00e9dique 22cm - Maison kalubi","description":"%","robots":{"index":"index","follow":"follow","max-snippet":"max-snippet:-1","max-image-preview":"max-image-preview:large","max-video-preview":"max-video-preview:-1"},"canonical":"https:\/\/maisonkalubi.com\/?product=140x190-orthopedique-22cm","og_locale":"fr_FR","og_type":"article","og_title":"140x190 Orthop\u00e9dique 22cm - Maison kalubi","og_description":"%","og_url":"https:\/\/maisonkalubi.com\/?product=140x190-orthopedique-22cm","og_site_name":"Maison kalubi","article_modified_time":"2026-01-30T21:02:26+00:00","og_image":[{"width":900,"height":900,"url":"https:\/\/maisonkalubi.com\/wp-content\/uploads\/2026\/01\/matelas-orthopedique-kalubi-matelas-140-190-1.jpg","type":"image\/jpeg"}],"twitter_card":"summary_large_image","twitter_misc":{"Dur\u00e9e de lecture estim\u00e9e":"1 minute"},"schema":{"@context":"https:\/\/schema.org","@graph":[{"@type":"WebPage","@id":"https:\/\/maisonkalubi.com\/?product=140x190-orthopedique-22cm","url":"https:\/\/maisonkalubi.com\/?product=140x190-orthopedique-22cm","name":"140x190 Orthop\u00e9dique 22cm - Maison kalubi","isPartOf":{"@id":"https:\/\/maisonkalubi.com\/#website"},"primaryImageOfPage":{"@id":"https:\/\/maisonkalubi.com\/?product=140x190-orthopedique-22cm#primaryimage"},"image":{"@id":"https:\/\/maisonkalubi.com\/?product=140x190-orthopedique-22cm#primaryimage"},"thumbnailUrl":"https:\/\/maisonkalubi.com\/wp-content\/uploads\/2026\/01\/matelas-orthopedique-kalubi-matelas-140-190-1.jpg","datePublished":"2026-01-17T03:26:35+00:00","dateModified":"2026-01-30T21:02:26+00:00","description":"%","breadcrumb":{"@id":"https:\/\/maisonkalubi.com\/?product=140x190-orthopedique-22cm#breadcrumb"},"inLanguage":"fr-FR","potentialAction":[{"@type":"ReadAction","target":["https:\/\/maisonkalubi.com\/?product=140x190-orthopedique-22cm"]}]},{"@type":"ImageObject","inLanguage":"fr-FR","@id":"https:\/\/maisonkalubi.com\/?product=140x190-orthopedique-22cm#primaryimage","url":"https:\/\/maisonkalubi.com\/wp-content\/uploads\/2026\/01\/matelas-orthopedique-kalubi-matelas-140-190-1.jpg","contentUrl":"https:\/\/maisonkalubi.com\/wp-content\/uploads\/2026\/01\/matelas-orthopedique-kalubi-matelas-140-190-1.jpg","width":900,"height":900},{"@type":"BreadcrumbList","@id":"https:\/\/maisonkalubi.com\/?product=140x190-orthopedique-22cm#breadcrumb","itemListElement":[{"@type":"ListItem","position":1,"name":"Home","item":"https:\/\/maisonkalubi.com\/"},{"@type":"ListItem","position":2,"name":"Shop","item":"https:\/\/maisonkalubi.com\/?page_id=47"},{"@type":"ListItem","position":3,"name":"140&#215;190 Orthop\u00e9dique 22cm"}]},{"@type":"WebSite","@id":"https:\/\/maisonkalubi.com\/#website","url":"https:\/\/maisonkalubi.com\/","name":"Maison kalubi","description":"Kalubi Matelas","publisher":{"@id":"https:\/\/maisonkalubi.com\/#organization"},"potentialAction":[{"@type":"SearchAction","target":{"@type":"EntryPoint","urlTemplate":"https:\/\/maisonkalubi.com\/?s={search_term_string}"},"query-input":{"@type":"PropertyValueSpecification","valueRequired":true,"valueName":"search_term_string"}}],"inLanguage":"fr-FR"},{"@type":"Organization","@id":"https:\/\/maisonkalubi.com\/#organization","name":"Kalubi Matelas","url":"https:\/\/maisonkalubi.com\/","logo":{"@type":"ImageObject","inLanguage":"fr-FR","@id":"https:\/\/maisonkalubi.com\/#\/schema\/logo\/image\/","url":"https:\/\/maisonkalubi.com\/wp-content\/uploads\/2025\/03\/logo-kalubi-matelas-small.png","contentUrl":"https:\/\/maisonkalubi.com\/wp-content\/uploads\/2025\/03\/logo-kalubi-matelas-small.png","width":960,"height":375,"caption":"Kalubi Matelas"},"image":{"@id":"https:\/\/maisonkalubi.com\/#\/schema\/logo\/image\/"}}]}},"jetpack_sharing_enabled":true,"_links":{"self":[{"href":"https:\/\/maisonkalubi.com\/index.php?rest_route=\/wp\/v2\/product\/16253","targetHints":{"allow":["GET"]}}],"collection":[{"href":"https:\/\/maisonkalubi.com\/index.php?rest_route=\/wp\/v2\/product"}],"about":[{"href":"https:\/\/maisonkalubi.com\/index.php?rest_route=\/wp\/v2\/types\/product"}],"version-history":[{"count":3,"href":"https:\/\/maisonkalubi.com\/index.php?rest_route=\/wp\/v2\/product\/16253\/revisions"}],"predecessor-version":[{"id":16649,"href":"https:\/\/maisonkalubi.com\/index.php?rest_route=\/wp\/v2\/product\/16253\/revisions\/16649"}],"wp:featuredmedia":[{"embeddable":true,"href":"https:\/\/maisonkalubi.com\/index.php?rest_route=\/wp\/v2\/media\/16340"}],"wp:attachment":[{"href":"https:\/\/maisonkalubi.com\/index.php?rest_route=%2Fwp%2Fv2%2Fmedia&parent=16253"}],"wp:term":[{"taxonomy":"product_brand","embeddable":true,"href":"https:\/\/maisonkalubi.com\/index.php?rest_route=%2Fwp%2Fv2%2Fproduct_brand&post=16253"},{"taxonomy":"product_cat","embeddable":true,"href":"https:\/\/maisonkalubi.com\/index.php?rest_route=%2Fwp%2Fv2%2Fproduct_cat&post=16253"},{"taxonomy":"product_tag","embeddable":true,"href":"https:\/\/maisonkalubi.com\/index.php?rest_route=%2Fwp%2Fv2%2Fproduct_tag&post=16253"}],"curies":[{"name":"wp","href":"https:\/\/api.w.org\/{rel}","templated":true}]}}