{"id":16250,"date":"2026-01-17T03:26:35","date_gmt":"2026-01-17T03:26:35","guid":{"rendered":"https:\/\/www.maisonkalubi.com\/?product=180x190-ressort-matelas-30cm"},"modified":"2026-01-30T21:57:02","modified_gmt":"2026-01-30T20:57:02","slug":"180x190-ressort-matelas-30cm","status":"publish","type":"product","link":"https:\/\/maisonkalubi.com\/?product=180x190-ressort-matelas-30cm","title":{"rendered":"180&#215;190 Ressort Matelas 30cm"},"content":{"rendered":"<p>Le Kalubi Matelas Ressort 180\u00d7190, de qualit\u00e9 europ\u00e9enne, avec une \u00e9paisseur de 30 cm, offre un excellent confort et un soutien optimal du corps. Son syst\u00e8me de ressorts robustes aide \u00e0 r\u00e9duire les douleurs dorsales et l\u2019inconfort li\u00e9s \u00e0 un mauvais matelas, pouvant provoquer fatigue et mal de dos au r\u00e9veil.<\/p>\n<p>Ce matelas est id\u00e9al pour un usage quotidien, pour les couples, les familles et les h\u00f4tels, et convient aux personnes recherchant un matelas solide, durable et confortable afin d\u2019am\u00e9liorer la qualit\u00e9 du sommeil et le bien-\u00eatre g\u00e9n\u00e9ral.<\/p>\n<p>Livr\u00e9 avec 2 oreillers gratuits et livraison gratuite \u00e0 Kinshasa, Matadi et Lubumbashi. Disponible en magasin et en ligne.<\/p>\n","protected":false},"excerpt":{"rendered":"<p>Le Kalubi Matelas Ressort 180\u00d7190, de qualit\u00e9 europ\u00e9enne, avec une \u00e9paisseur de 30 cm, offre un excellent confort et un<\/p>\n","protected":false},"featured_media":16337,"template":"","meta":[],"product_brand":[51],"product_cat":[20,77],"product_tag":[],"class_list":{"0":"post-16250","1":"product","2":"type-product","3":"status-publish","4":"has-post-thumbnail","6":"product_brand-kalubi-matelas","7":"product_cat-matelas-kalubi","8":"product_cat-matelas-ressort","10":"first","11":"instock","12":"sale","13":"shipping-taxable","14":"purchasable","15":"product-type-simple"},"yoast_head":"<!-- This site is optimized with the Yoast SEO plugin v26.9 - https:\/\/yoast.com\/product\/yoast-seo-wordpress\/ -->\n<title>180x190 Ressort Matelas 30cm - Maison kalubi<\/title>\n<meta name=\"robots\" content=\"index, follow, max-snippet:-1, max-image-preview:large, max-video-preview:-1\" \/>\n<link rel=\"canonical\" href=\"https:\/\/maisonkalubi.com\/?product=180x190-ressort-matelas-30cm\" \/>\n<meta property=\"og:locale\" content=\"fr_FR\" \/>\n<meta property=\"og:type\" content=\"article\" \/>\n<meta property=\"og:title\" content=\"180x190 Ressort Matelas 30cm - Maison kalubi\" \/>\n<meta property=\"og:description\" content=\"Le Kalubi Matelas Ressort 180\u00d7190, de qualit\u00e9 europ\u00e9enne, avec une \u00e9paisseur de 30 cm, offre un excellent confort et un\" \/>\n<meta property=\"og:url\" content=\"https:\/\/maisonkalubi.com\/?product=180x190-ressort-matelas-30cm\" \/>\n<meta property=\"og:site_name\" content=\"Maison kalubi\" \/>\n<meta property=\"article:modified_time\" content=\"2026-01-30T20:57:02+00:00\" \/>\n<meta property=\"og:image\" content=\"https:\/\/maisonkalubi.com\/wp-content\/uploads\/2026\/01\/matelas-ressort-kalubi-matelas-180-190-3.jpg\" \/>\n\t<meta property=\"og:image:width\" content=\"900\" \/>\n\t<meta property=\"og:image:height\" content=\"900\" \/>\n\t<meta property=\"og:image:type\" content=\"image\/jpeg\" \/>\n<meta name=\"twitter:card\" content=\"summary_large_image\" \/>\n<meta name=\"twitter:label1\" content=\"Dur\u00e9e de lecture estim\u00e9e\" \/>\n\t<meta name=\"twitter:data1\" content=\"1 minute\" \/>\n<script type=\"application\/ld+json\" class=\"yoast-schema-graph\">{\"@context\":\"https:\/\/schema.org\",\"@graph\":[{\"@type\":\"WebPage\",\"@id\":\"https:\/\/maisonkalubi.com\/?product=180x190-ressort-matelas-30cm\",\"url\":\"https:\/\/maisonkalubi.com\/?product=180x190-ressort-matelas-30cm\",\"name\":\"180x190 Ressort Matelas 30cm - Maison kalubi\",\"isPartOf\":{\"@id\":\"https:\/\/maisonkalubi.com\/#website\"},\"primaryImageOfPage\":{\"@id\":\"https:\/\/maisonkalubi.com\/?product=180x190-ressort-matelas-30cm#primaryimage\"},\"image\":{\"@id\":\"https:\/\/maisonkalubi.com\/?product=180x190-ressort-matelas-30cm#primaryimage\"},\"thumbnailUrl\":\"https:\/\/maisonkalubi.com\/wp-content\/uploads\/2026\/01\/matelas-ressort-kalubi-matelas-180-190-3.jpg\",\"datePublished\":\"2026-01-17T03:26:35+00:00\",\"dateModified\":\"2026-01-30T20:57:02+00:00\",\"breadcrumb\":{\"@id\":\"https:\/\/maisonkalubi.com\/?product=180x190-ressort-matelas-30cm#breadcrumb\"},\"inLanguage\":\"fr-FR\",\"potentialAction\":[{\"@type\":\"ReadAction\",\"target\":[\"https:\/\/maisonkalubi.com\/?product=180x190-ressort-matelas-30cm\"]}]},{\"@type\":\"ImageObject\",\"inLanguage\":\"fr-FR\",\"@id\":\"https:\/\/maisonkalubi.com\/?product=180x190-ressort-matelas-30cm#primaryimage\",\"url\":\"https:\/\/maisonkalubi.com\/wp-content\/uploads\/2026\/01\/matelas-ressort-kalubi-matelas-180-190-3.jpg\",\"contentUrl\":\"https:\/\/maisonkalubi.com\/wp-content\/uploads\/2026\/01\/matelas-ressort-kalubi-matelas-180-190-3.jpg\",\"width\":900,\"height\":900},{\"@type\":\"BreadcrumbList\",\"@id\":\"https:\/\/maisonkalubi.com\/?product=180x190-ressort-matelas-30cm#breadcrumb\",\"itemListElement\":[{\"@type\":\"ListItem\",\"position\":1,\"name\":\"Home\",\"item\":\"https:\/\/maisonkalubi.com\/\"},{\"@type\":\"ListItem\",\"position\":2,\"name\":\"Shop\",\"item\":\"https:\/\/maisonkalubi.com\/?page_id=47\"},{\"@type\":\"ListItem\",\"position\":3,\"name\":\"180&#215;190 Ressort Matelas 30cm\"}]},{\"@type\":\"WebSite\",\"@id\":\"https:\/\/maisonkalubi.com\/#website\",\"url\":\"https:\/\/maisonkalubi.com\/\",\"name\":\"Maison kalubi\",\"description\":\"Kalubi Matelas\",\"publisher\":{\"@id\":\"https:\/\/maisonkalubi.com\/#organization\"},\"potentialAction\":[{\"@type\":\"SearchAction\",\"target\":{\"@type\":\"EntryPoint\",\"urlTemplate\":\"https:\/\/maisonkalubi.com\/?s={search_term_string}\"},\"query-input\":{\"@type\":\"PropertyValueSpecification\",\"valueRequired\":true,\"valueName\":\"search_term_string\"}}],\"inLanguage\":\"fr-FR\"},{\"@type\":\"Organization\",\"@id\":\"https:\/\/maisonkalubi.com\/#organization\",\"name\":\"Kalubi Matelas\",\"url\":\"https:\/\/maisonkalubi.com\/\",\"logo\":{\"@type\":\"ImageObject\",\"inLanguage\":\"fr-FR\",\"@id\":\"https:\/\/maisonkalubi.com\/#\/schema\/logo\/image\/\",\"url\":\"https:\/\/maisonkalubi.com\/wp-content\/uploads\/2025\/03\/logo-kalubi-matelas-small.png\",\"contentUrl\":\"https:\/\/maisonkalubi.com\/wp-content\/uploads\/2025\/03\/logo-kalubi-matelas-small.png\",\"width\":960,\"height\":375,\"caption\":\"Kalubi Matelas\"},\"image\":{\"@id\":\"https:\/\/maisonkalubi.com\/#\/schema\/logo\/image\/\"}}]}<\/script>\n<!-- \/ Yoast SEO plugin. -->","yoast_head_json":{"title":"180x190 Ressort Matelas 30cm - Maison kalubi","robots":{"index":"index","follow":"follow","max-snippet":"max-snippet:-1","max-image-preview":"max-image-preview:large","max-video-preview":"max-video-preview:-1"},"canonical":"https:\/\/maisonkalubi.com\/?product=180x190-ressort-matelas-30cm","og_locale":"fr_FR","og_type":"article","og_title":"180x190 Ressort Matelas 30cm - Maison kalubi","og_description":"Le Kalubi Matelas Ressort 180\u00d7190, de qualit\u00e9 europ\u00e9enne, avec une \u00e9paisseur de 30 cm, offre un excellent confort et un","og_url":"https:\/\/maisonkalubi.com\/?product=180x190-ressort-matelas-30cm","og_site_name":"Maison kalubi","article_modified_time":"2026-01-30T20:57:02+00:00","og_image":[{"width":900,"height":900,"url":"https:\/\/maisonkalubi.com\/wp-content\/uploads\/2026\/01\/matelas-ressort-kalubi-matelas-180-190-3.jpg","type":"image\/jpeg"}],"twitter_card":"summary_large_image","twitter_misc":{"Dur\u00e9e de lecture estim\u00e9e":"1 minute"},"schema":{"@context":"https:\/\/schema.org","@graph":[{"@type":"WebPage","@id":"https:\/\/maisonkalubi.com\/?product=180x190-ressort-matelas-30cm","url":"https:\/\/maisonkalubi.com\/?product=180x190-ressort-matelas-30cm","name":"180x190 Ressort Matelas 30cm - Maison kalubi","isPartOf":{"@id":"https:\/\/maisonkalubi.com\/#website"},"primaryImageOfPage":{"@id":"https:\/\/maisonkalubi.com\/?product=180x190-ressort-matelas-30cm#primaryimage"},"image":{"@id":"https:\/\/maisonkalubi.com\/?product=180x190-ressort-matelas-30cm#primaryimage"},"thumbnailUrl":"https:\/\/maisonkalubi.com\/wp-content\/uploads\/2026\/01\/matelas-ressort-kalubi-matelas-180-190-3.jpg","datePublished":"2026-01-17T03:26:35+00:00","dateModified":"2026-01-30T20:57:02+00:00","breadcrumb":{"@id":"https:\/\/maisonkalubi.com\/?product=180x190-ressort-matelas-30cm#breadcrumb"},"inLanguage":"fr-FR","potentialAction":[{"@type":"ReadAction","target":["https:\/\/maisonkalubi.com\/?product=180x190-ressort-matelas-30cm"]}]},{"@type":"ImageObject","inLanguage":"fr-FR","@id":"https:\/\/maisonkalubi.com\/?product=180x190-ressort-matelas-30cm#primaryimage","url":"https:\/\/maisonkalubi.com\/wp-content\/uploads\/2026\/01\/matelas-ressort-kalubi-matelas-180-190-3.jpg","contentUrl":"https:\/\/maisonkalubi.com\/wp-content\/uploads\/2026\/01\/matelas-ressort-kalubi-matelas-180-190-3.jpg","width":900,"height":900},{"@type":"BreadcrumbList","@id":"https:\/\/maisonkalubi.com\/?product=180x190-ressort-matelas-30cm#breadcrumb","itemListElement":[{"@type":"ListItem","position":1,"name":"Home","item":"https:\/\/maisonkalubi.com\/"},{"@type":"ListItem","position":2,"name":"Shop","item":"https:\/\/maisonkalubi.com\/?page_id=47"},{"@type":"ListItem","position":3,"name":"180&#215;190 Ressort Matelas 30cm"}]},{"@type":"WebSite","@id":"https:\/\/maisonkalubi.com\/#website","url":"https:\/\/maisonkalubi.com\/","name":"Maison kalubi","description":"Kalubi Matelas","publisher":{"@id":"https:\/\/maisonkalubi.com\/#organization"},"potentialAction":[{"@type":"SearchAction","target":{"@type":"EntryPoint","urlTemplate":"https:\/\/maisonkalubi.com\/?s={search_term_string}"},"query-input":{"@type":"PropertyValueSpecification","valueRequired":true,"valueName":"search_term_string"}}],"inLanguage":"fr-FR"},{"@type":"Organization","@id":"https:\/\/maisonkalubi.com\/#organization","name":"Kalubi Matelas","url":"https:\/\/maisonkalubi.com\/","logo":{"@type":"ImageObject","inLanguage":"fr-FR","@id":"https:\/\/maisonkalubi.com\/#\/schema\/logo\/image\/","url":"https:\/\/maisonkalubi.com\/wp-content\/uploads\/2025\/03\/logo-kalubi-matelas-small.png","contentUrl":"https:\/\/maisonkalubi.com\/wp-content\/uploads\/2025\/03\/logo-kalubi-matelas-small.png","width":960,"height":375,"caption":"Kalubi Matelas"},"image":{"@id":"https:\/\/maisonkalubi.com\/#\/schema\/logo\/image\/"}}]}},"jetpack_sharing_enabled":true,"_links":{"self":[{"href":"https:\/\/maisonkalubi.com\/index.php?rest_route=\/wp\/v2\/product\/16250","targetHints":{"allow":["GET"]}}],"collection":[{"href":"https:\/\/maisonkalubi.com\/index.php?rest_route=\/wp\/v2\/product"}],"about":[{"href":"https:\/\/maisonkalubi.com\/index.php?rest_route=\/wp\/v2\/types\/product"}],"version-history":[{"count":2,"href":"https:\/\/maisonkalubi.com\/index.php?rest_route=\/wp\/v2\/product\/16250\/revisions"}],"predecessor-version":[{"id":16460,"href":"https:\/\/maisonkalubi.com\/index.php?rest_route=\/wp\/v2\/product\/16250\/revisions\/16460"}],"wp:featuredmedia":[{"embeddable":true,"href":"https:\/\/maisonkalubi.com\/index.php?rest_route=\/wp\/v2\/media\/16337"}],"wp:attachment":[{"href":"https:\/\/maisonkalubi.com\/index.php?rest_route=%2Fwp%2Fv2%2Fmedia&parent=16250"}],"wp:term":[{"taxonomy":"product_brand","embeddable":true,"href":"https:\/\/maisonkalubi.com\/index.php?rest_route=%2Fwp%2Fv2%2Fproduct_brand&post=16250"},{"taxonomy":"product_cat","embeddable":true,"href":"https:\/\/maisonkalubi.com\/index.php?rest_route=%2Fwp%2Fv2%2Fproduct_cat&post=16250"},{"taxonomy":"product_tag","embeddable":true,"href":"https:\/\/maisonkalubi.com\/index.php?rest_route=%2Fwp%2Fv2%2Fproduct_tag&post=16250"}],"curies":[{"name":"wp","href":"https:\/\/api.w.org\/{rel}","templated":true}]}}